{"id":848,"date":"2020-02-04T21:08:41","date_gmt":"2020-02-04T20:08:41","guid":{"rendered":"http:\/\/www.mci.ba\/o-nama\/"},"modified":"2020-05-20T13:35:20","modified_gmt":"2020-05-20T11:35:20","slug":"o-nama","status":"publish","type":"page","link":"https:\/\/www.mci.ba\/de\/o-nama\/","title":{"rendered":"\u00dcber uns"},"content":{"rendered":"\n<p>Das Unternehmen MCI d.o.o. ist seit 1992 auf dem Markt pr\u00e4sent. Seine Hauptt\u00e4tigkeit ist der Handel und die Vertretung in- und ausl\u00e4ndischer Marken, vor allem der Vertrieb auf dem Markt in Bosnien und Herzegowina liegt. W\u00e4hrend seiner Gesch\u00e4ftst\u00e4tigkeit hat sich MCI d.o.o. zu einem der f\u00fchrenden Distributoren in Bosnien und Herzegowina entwickelt und ist ein starker Partner in verschiedenen Gesch\u00e4ftskooperationen.<\/p>\n\n\n\n<figure class=\"wp-block-gallery columns-3 is-cropped wp-block-gallery-1 is-layout-flex wp-block-gallery-is-layout-flex\"><ul class=\"blocks-gallery-grid\"><li class=\"blocks-gallery-item\"><figure><a href=\"http:\/\/www.mci.ba\/wp-content\/uploads\/2020\/02\/o-nama-mci-1-1.jpg\"><img loading=\"lazy\" decoding=\"async\" width=\"900\" height=\"430\" src=\"http:\/\/www.mci.ba\/wp-content\/uploads\/2020\/02\/o-nama-mci-1-1-900x430.jpg\" alt=\"O nama - MCI d.o.o.\" data-id=\"473\" data-full-url=\"http:\/\/www.mci.ba\/wp-content\/uploads\/2020\/02\/o-nama-mci-1-1.jpg\" data-link=\"http:\/\/www.mci.ba\/o-nama\/o-nama-mci-1\/\" class=\"wp-image-473\" srcset=\"https:\/\/www.mci.ba\/wp-content\/uploads\/2020\/02\/o-nama-mci-1-1-900x430.jpg 900w, https:\/\/www.mci.ba\/wp-content\/uploads\/2020\/02\/o-nama-mci-1-1-600x286.jpg 600w, https:\/\/www.mci.ba\/wp-content\/uploads\/2020\/02\/o-nama-mci-1-1-768x367.jpg 768w, https:\/\/www.mci.ba\/wp-content\/uploads\/2020\/02\/o-nama-mci-1-1.jpg 1100w\" sizes=\"auto, (max-width: 900px) 100vw, 900px\" \/><\/a><\/figure><\/li><li class=\"blocks-gallery-item\"><figure><a href=\"http:\/\/www.mci.ba\/wp-content\/uploads\/2020\/02\/o-nama-mci-5.jpg\"><img loading=\"lazy\" decoding=\"async\" width=\"900\" height=\"430\" src=\"http:\/\/www.mci.ba\/wp-content\/uploads\/2020\/02\/o-nama-mci-5-900x430.jpg\" alt=\"O nama - MCI d.o.o.\" data-id=\"476\" data-full-url=\"http:\/\/www.mci.ba\/wp-content\/uploads\/2020\/02\/o-nama-mci-5.jpg\" data-link=\"http:\/\/www.mci.ba\/o-nama\/o-nama-mci-5\/\" class=\"wp-image-476\" srcset=\"https:\/\/www.mci.ba\/wp-content\/uploads\/2020\/02\/o-nama-mci-5-900x430.jpg 900w, https:\/\/www.mci.ba\/wp-content\/uploads\/2020\/02\/o-nama-mci-5-600x286.jpg 600w, https:\/\/www.mci.ba\/wp-content\/uploads\/2020\/02\/o-nama-mci-5-768x367.jpg 768w, https:\/\/www.mci.ba\/wp-content\/uploads\/2020\/02\/o-nama-mci-5.jpg 1100w\" sizes=\"auto, (max-width: 900px) 100vw, 900px\" \/><\/a><\/figure><\/li><li class=\"blocks-gallery-item\"><figure><a href=\"http:\/\/www.mci.ba\/wp-content\/uploads\/2020\/02\/o-nama-mci-4.jpg\"><img loading=\"lazy\" decoding=\"async\" width=\"900\" height=\"430\" src=\"http:\/\/www.mci.ba\/wp-content\/uploads\/2020\/02\/o-nama-mci-4-900x430.jpg\" alt=\"O nama - MCI d.o.o.\" data-id=\"125\" data-full-url=\"http:\/\/www.mci.ba\/wp-content\/uploads\/2020\/02\/o-nama-mci-4.jpg\" data-link=\"http:\/\/www.mci.ba\/o-nama\/o-nama-mci-4\/\" class=\"wp-image-125\" srcset=\"https:\/\/www.mci.ba\/wp-content\/uploads\/2020\/02\/o-nama-mci-4-900x430.jpg 900w, https:\/\/www.mci.ba\/wp-content\/uploads\/2020\/02\/o-nama-mci-4-600x286.jpg 600w, https:\/\/www.mci.ba\/wp-content\/uploads\/2020\/02\/o-nama-mci-4-768x367.jpg 768w, https:\/\/www.mci.ba\/wp-content\/uploads\/2020\/02\/o-nama-mci-4.jpg 1100w\" sizes=\"auto, (max-width: 900px) 100vw, 900px\" \/><\/a><\/figure><\/li><\/ul><\/figure>\n\n\n\n<p>Neben der prim\u00e4ren vertrieblichen Rolle auf dem Inlandsmarkt ist MCI bestrebt, das Gesch\u00e4ft auf dem regionalen Markt zu internationalisieren. Dar\u00fcber hinaus besitzt MCI auch einen Pharmagro\u00dfh\u00e4ndler mit Personal, das f\u00fcr den Umgang mit Gro\u00dfh\u00e4ndlern in Bosnien und Herzegowina geschult ist.<\/p>\n\n\n\n<p>Heute besch\u00e4ftigt MCI d.o.o. \u00fcber 350 Mitarbeiter, die strategisch vier Gesch\u00e4ftsbereiche mit den Hauptsitzen in Sarajevo, Banja Luka, \u0160iroki Brijeg und \u017divinice belegen. Jede Gesch\u00e4ftseinheit verf\u00fcgt \u00fcber einen modernen Lagerraum, der mit f\u00fcnf Arten von Temperaturregelungen ausgestattet ist. Die Kapazit\u00e4t aller Lager betr\u00e4gt ca. 25000 Palettenpl\u00e4tze. Die Vertriebs- und Logistikorganisation verf\u00fcgt \u00fcber einen modernen Fuhrpark mit \u00fcber 230 Fahrzeugen mit dem Ziel, unseren Kunden eine schnelle und qualitativ hochwertige Versorgung zu bieten.<\/p>\n\n\n\n<figure class=\"wp-block-gallery columns-3 is-cropped wp-block-gallery-2 is-layout-flex wp-block-gallery-is-layout-flex\"><ul class=\"blocks-gallery-grid\"><li class=\"blocks-gallery-item\"><figure><a href=\"http:\/\/www.mci.ba\/wp-content\/uploads\/2020\/03\/o-nama-mci-7.jpg\"><img loading=\"lazy\" decoding=\"async\" width=\"900\" height=\"430\" src=\"http:\/\/www.mci.ba\/wp-content\/uploads\/2020\/03\/o-nama-mci-7-900x430.jpg\" alt=\"\" data-id=\"514\" data-full-url=\"http:\/\/www.mci.ba\/wp-content\/uploads\/2020\/03\/o-nama-mci-7.jpg\" data-link=\"http:\/\/www.mci.ba\/o-nama\/o-nama-mci-7\/\" class=\"wp-image-514\" srcset=\"https:\/\/www.mci.ba\/wp-content\/uploads\/2020\/03\/o-nama-mci-7-900x430.jpg 900w, https:\/\/www.mci.ba\/wp-content\/uploads\/2020\/03\/o-nama-mci-7-600x286.jpg 600w, https:\/\/www.mci.ba\/wp-content\/uploads\/2020\/03\/o-nama-mci-7-768x367.jpg 768w, https:\/\/www.mci.ba\/wp-content\/uploads\/2020\/03\/o-nama-mci-7.jpg 1100w\" sizes=\"auto, (max-width: 900px) 100vw, 900px\" \/><\/a><\/figure><\/li><li class=\"blocks-gallery-item\"><figure><a href=\"http:\/\/www.mci.ba\/wp-content\/uploads\/2020\/03\/o-nama-mci-6.jpg\"><img loading=\"lazy\" decoding=\"async\" width=\"900\" height=\"430\" src=\"http:\/\/www.mci.ba\/wp-content\/uploads\/2020\/03\/o-nama-mci-6-900x430.jpg\" alt=\"\" data-id=\"511\" data-full-url=\"http:\/\/www.mci.ba\/wp-content\/uploads\/2020\/03\/o-nama-mci-6.jpg\" data-link=\"http:\/\/www.mci.ba\/o-nama\/o-nama-mci-6\/\" class=\"wp-image-511\" srcset=\"https:\/\/www.mci.ba\/wp-content\/uploads\/2020\/03\/o-nama-mci-6-900x430.jpg 900w, https:\/\/www.mci.ba\/wp-content\/uploads\/2020\/03\/o-nama-mci-6-600x286.jpg 600w, https:\/\/www.mci.ba\/wp-content\/uploads\/2020\/03\/o-nama-mci-6-768x367.jpg 768w, https:\/\/www.mci.ba\/wp-content\/uploads\/2020\/03\/o-nama-mci-6.jpg 1100w\" sizes=\"auto, (max-width: 900px) 100vw, 900px\" \/><\/a><\/figure><\/li><li class=\"blocks-gallery-item\"><figure><a href=\"http:\/\/www.mci.ba\/wp-content\/uploads\/2020\/02\/o-nama-mci-2-900x430.jpg\"><img loading=\"lazy\" decoding=\"async\" width=\"900\" height=\"430\" src=\"http:\/\/www.mci.ba\/wp-content\/uploads\/2020\/02\/o-nama-mci-2-900x430.jpg\" alt=\"\" data-id=\"119\" data-link=\"http:\/\/www.mci.ba\/o-nama\/o-nama-mci-2\/\" class=\"wp-image-119\" srcset=\"https:\/\/www.mci.ba\/wp-content\/uploads\/2020\/02\/o-nama-mci-2-900x430.jpg 900w, https:\/\/www.mci.ba\/wp-content\/uploads\/2020\/02\/o-nama-mci-2-600x286.jpg 600w, https:\/\/www.mci.ba\/wp-content\/uploads\/2020\/02\/o-nama-mci-2-768x367.jpg 768w, https:\/\/www.mci.ba\/wp-content\/uploads\/2020\/02\/o-nama-mci-2.jpg 1100w\" sizes=\"auto, (max-width: 900px) 100vw, 900px\" \/><\/a><\/figure><\/li><\/ul><\/figure>\n\n\n\n<p>Das Vertriebsnetz umfasst \u00fcber 7500 Verkaufsstellen mit einer j\u00e4hrlichen Wachstumstendenz. <\/p>\n\n\n\n<p>Die Mission von MCI d.o.o. ist es, qualitativ hochwertige Vertriebsdienstleistungen bereitzustellen und das Vertrauen von Kunden und Endverbrauchern zu st\u00e4rken.<\/p>\n\n\n\n<p>Der Weg zum Ziel, das f\u00fchrende Vertriebssystem auf dem Markt von Bosnien und Herzegowina zu werden, f\u00fchrt \u00fcber qualifizierte und motivierte Mitarbeitern, die das R\u00fcckgrat dieses Gesch\u00e4ftssystems darstellen.<\/p>\n\n\n\n<p>Zus\u00e4tzliche Informationen \u00fcber uns und unser Verkaufssortiment finden Sie \u00fcber unsere <a href=\"https:\/\/www.mci.ba\/de\/kontakt\/\">Kontaktseiten<\/a>. <\/p>\n","protected":false},"excerpt":{"rendered":"<p>Das Unternehmen MCI d.o.o. ist seit 1992 auf dem Markt pr\u00e4sent. Seine Hauptt\u00e4tigkeit ist der Handel und die Vertretung in-<\/p>\n<p><a class=\"read-more\" href=\"https:\/\/www.mci.ba\/de\/o-nama\/\">Mehr&#8230;<\/a><\/p>\n","protected":false},"author":1,"featured_media":0,"parent":0,"menu_order":0,"comment_status":"closed","ping_status":"closed","template":"","meta":{"_acf_changed":false,"footnotes":""},"class_list":["post-848","page","type-page","status-publish","hentry"],"acf":[],"_links":{"self":[{"href":"https:\/\/www.mci.ba\/de\/wp-json\/wp\/v2\/pages\/848","targetHints":{"allow":["GET"]}}],"collection":[{"href":"https:\/\/www.mci.ba\/de\/wp-json\/wp\/v2\/pages"}],"about":[{"href":"https:\/\/www.mci.ba\/de\/wp-json\/wp\/v2\/types\/page"}],"author":[{"embeddable":true,"href":"https:\/\/www.mci.ba\/de\/wp-json\/wp\/v2\/users\/1"}],"replies":[{"embeddable":true,"href":"https:\/\/www.mci.ba\/de\/wp-json\/wp\/v2\/comments?post=848"}],"version-history":[{"count":3,"href":"https:\/\/www.mci.ba\/de\/wp-json\/wp\/v2\/pages\/848\/revisions"}],"predecessor-version":[{"id":905,"href":"https:\/\/www.mci.ba\/de\/wp-json\/wp\/v2\/pages\/848\/revisions\/905"}],"wp:attachment":[{"href":"https:\/\/www.mci.ba\/de\/wp-json\/wp\/v2\/media?parent=848"}],"curies":[{"name":"wp","href":"https:\/\/api.w.org\/{rel}","templated":true}]}}