{"id":810,"date":"2020-02-19T21:11:34","date_gmt":"2020-02-19T20:11:34","guid":{"rendered":"http:\/\/www.mci.ba\/misija-i-vizija\/"},"modified":"2020-05-19T16:42:08","modified_gmt":"2020-05-19T14:42:08","slug":"misija-i-vizija","status":"publish","type":"page","link":"https:\/\/www.mci.ba\/de\/misija-i-vizija\/","title":{"rendered":"Mission und Vision"},"content":{"rendered":"\n<p>MISSION:<br>Die Mission von MCI d.o.o. ist es, qualitativ hochwertige Vertriebsdienste bereitzustellen und das Vertrauen von Kunden und Endnutzern zu st\u00e4rken.<\/p>\n\n\n\n<p>VISION:<br>Mit qualifizierten und motivierten Mitarbeitern, die das R\u00fcckgrat dieses Gesch\u00e4ftssystems bilden, das f\u00fchrende Vertriebssystem auf dem Markt von Bosnien und Herzegowina zu werden.<\/p>\n\n\n\n<p><\/p>\n","protected":false},"excerpt":{"rendered":"<p>MISSION:Die Mission von MCI d.o.o. ist es, qualitativ hochwertige Vertriebsdienste bereitzustellen und das Vertrauen von Kunden und Endnutzern zu st\u00e4rken.<\/p>\n<p><a class=\"read-more\" href=\"https:\/\/www.mci.ba\/de\/misija-i-vizija\/\">Mehr&#8230;<\/a><\/p>\n","protected":false},"author":1,"featured_media":0,"parent":0,"menu_order":0,"comment_status":"closed","ping_status":"closed","template":"","meta":{"_acf_changed":false,"footnotes":""},"class_list":["post-810","page","type-page","status-publish","hentry"],"acf":[],"_links":{"self":[{"href":"https:\/\/www.mci.ba\/de\/wp-json\/wp\/v2\/pages\/810","targetHints":{"allow":["GET"]}}],"collection":[{"href":"https:\/\/www.mci.ba\/de\/wp-json\/wp\/v2\/pages"}],"about":[{"href":"https:\/\/www.mci.ba\/de\/wp-json\/wp\/v2\/types\/page"}],"author":[{"embeddable":true,"href":"https:\/\/www.mci.ba\/de\/wp-json\/wp\/v2\/users\/1"}],"replies":[{"embeddable":true,"href":"https:\/\/www.mci.ba\/de\/wp-json\/wp\/v2\/comments?post=810"}],"version-history":[{"count":1,"href":"https:\/\/www.mci.ba\/de\/wp-json\/wp\/v2\/pages\/810\/revisions"}],"predecessor-version":[{"id":811,"href":"https:\/\/www.mci.ba\/de\/wp-json\/wp\/v2\/pages\/810\/revisions\/811"}],"wp:attachment":[{"href":"https:\/\/www.mci.ba\/de\/wp-json\/wp\/v2\/media?parent=810"}],"curies":[{"name":"wp","href":"https:\/\/api.w.org\/{rel}","templated":true}]}}